{"id":26144,"date":"2023-05-20T12:55:33","date_gmt":"2023-05-20T10:55:33","guid":{"rendered":"https:\/\/www.ariane-zappe.de\/?page_id=26144"},"modified":"2023-05-20T12:55:33","modified_gmt":"2023-05-20T10:55:33","slug":"wartungsarbeiten","status":"publish","type":"page","link":"https:\/\/www.ariane-zappe.de\/index.php\/wartungsarbeiten\/","title":{"rendered":"Wartungsarbeiten"},"content":{"rendered":"<div class=\"wpb-content-wrapper\"><p>[vc_row row_type=&#8220;row&#8220; use_row_as_full_screen_section=&#8220;no&#8220; type=&#8220;grid&#8220; text_align=&#8220;left&#8220; background_animation=&#8220;none&#8220; css_animation=&#8220;&#8220;][vc_column][vc_empty_space][vc_column_text]<\/p>\n<h2 style=\"text-align: center;\">Aufgrund technischer Wartungsarbeiten ist die Registrierung im Bereich Fachinformation vor\u00fcbergehend nicht verf\u00fcgbar. Bitte versuchen Sie es zu einem sp\u00e4teren Zeitpunkt erneut.<\/h2>\n<h2 style=\"text-align: center;\">Vielen Dank.<\/h2>\n<p>[\/vc_column_text][vc_empty_space][\/vc_column][\/vc_row]<\/p>\n<\/div>","protected":false},"excerpt":{"rendered":"<p>[vc_row row_type=&#8220;row&#8220; use_row_as_full_screen_section=&#8220;no&#8220; type=&#8220;grid&#8220; text_align=&#8220;left&#8220; background_animation=&#8220;none&#8220; css_animation=&#8220;&#8220;][vc_column][vc_empty_space][vc_column_text] Aufgrund technischer Wartungsarbeiten ist die Registrierung im Bereich Fachinformation vor\u00fcbergehend nicht verf\u00fcgbar. Bitte versuchen Sie es zu einem sp\u00e4teren Zeitpunkt erneut. Vielen Dank. [\/vc_column_text][vc_empty_space][\/vc_column][\/vc_row]<\/p>\n","protected":false},"author":11,"featured_media":0,"parent":0,"menu_order":0,"comment_status":"closed","ping_status":"closed","template":"","meta":{"footnotes":""},"class_list":["post-26144","page","type-page","status-publish","hentry"],"_links":{"self":[{"href":"https:\/\/www.ariane-zappe.de\/index.php\/wp-json\/wp\/v2\/pages\/26144","targetHints":{"allow":["GET"]}}],"collection":[{"href":"https:\/\/www.ariane-zappe.de\/index.php\/wp-json\/wp\/v2\/pages"}],"about":[{"href":"https:\/\/www.ariane-zappe.de\/index.php\/wp-json\/wp\/v2\/types\/page"}],"author":[{"embeddable":true,"href":"https:\/\/www.ariane-zappe.de\/index.php\/wp-json\/wp\/v2\/users\/11"}],"replies":[{"embeddable":true,"href":"https:\/\/www.ariane-zappe.de\/index.php\/wp-json\/wp\/v2\/comments?post=26144"}],"version-history":[{"count":1,"href":"https:\/\/www.ariane-zappe.de\/index.php\/wp-json\/wp\/v2\/pages\/26144\/revisions"}],"predecessor-version":[{"id":26145,"href":"https:\/\/www.ariane-zappe.de\/index.php\/wp-json\/wp\/v2\/pages\/26144\/revisions\/26145"}],"wp:attachment":[{"href":"https:\/\/www.ariane-zappe.de\/index.php\/wp-json\/wp\/v2\/media?parent=26144"}],"curies":[{"name":"wp","href":"https:\/\/api.w.org\/{rel}","templated":true}]}}