{"id":22433,"date":"2019-01-05T04:28:12","date_gmt":"2019-01-05T03:28:12","guid":{"rendered":"https:\/\/www.ariane-zappe.de\/?page_id=22433"},"modified":"2025-02-02T11:55:23","modified_gmt":"2025-02-02T10:55:23","slug":"haftungsausschluss","status":"publish","type":"page","link":"https:\/\/www.ariane-zappe.de\/index.php\/haftungsausschluss\/","title":{"rendered":"Haftungsausschluss"},"content":{"rendered":"\t\t<div data-elementor-type=\"wp-page\" data-elementor-id=\"22433\" class=\"elementor elementor-22433\" data-elementor-settings=\"{&quot;ha_cmc_init_switcher&quot;:&quot;no&quot;}\" data-elementor-post-type=\"page\">\n\t\t\t\t<div class=\"elementor-element elementor-element-b5608fc e-flex e-con-boxed e-con e-parent\" data-id=\"b5608fc\" data-element_type=\"container\" data-e-type=\"container\" data-settings=\"{&quot;_ha_eqh_enable&quot;:false}\">\n\t\t\t\t\t<div class=\"e-con-inner\">\n\t\t\t\t<div class=\"elementor-element elementor-element-a6a0243 elementor-widget elementor-widget-spacer\" data-id=\"a6a0243\" data-element_type=\"widget\" data-e-type=\"widget\" data-widget_type=\"spacer.default\">\n\t\t\t\t<div class=\"elementor-widget-container\">\n\t\t\t\t\t\t\t<div class=\"elementor-spacer\">\n\t\t\t<div class=\"elementor-spacer-inner\"><\/div>\n\t\t<\/div>\n\t\t\t\t\t\t<\/div>\n\t\t\t\t<\/div>\n\t\t\t\t<div class=\"elementor-element elementor-element-c4d05fa elementor-widget elementor-widget-heading\" data-id=\"c4d05fa\" data-element_type=\"widget\" data-e-type=\"widget\" data-widget_type=\"heading.default\">\n\t\t\t\t<div class=\"elementor-widget-container\">\n\t\t\t\t\t<h1 class=\"elementor-heading-title elementor-size-default\">Haftungsausschluss<\/h1>\t\t\t\t<\/div>\n\t\t\t\t<\/div>\n\t\t\t\t\t<\/div>\n\t\t\t\t<\/div>\n\t\t<div class=\"elementor-element elementor-element-256d7c6 e-flex e-con-boxed e-con e-parent\" data-id=\"256d7c6\" data-element_type=\"container\" data-e-type=\"container\" data-settings=\"{&quot;background_background&quot;:&quot;classic&quot;,&quot;_ha_eqh_enable&quot;:false}\">\n\t\t\t\t\t<div class=\"e-con-inner\">\n\t\t\t\t<div class=\"elementor-element elementor-element-a5201be elementor-widget elementor-widget-text-editor\" data-id=\"a5201be\" data-element_type=\"widget\" data-e-type=\"widget\" data-widget_type=\"text-editor.default\">\n\t\t\t\t<div class=\"elementor-widget-container\">\n\t\t\t\t\t\t\t\t\t<h4><span style=\"color: #5b5b5b;\"><strong>Haftung f\u00fcr Inhalte<\/strong><\/span><\/h4><p>Die Inhalte unserer Seiten wurden mit gr\u00f6\u00dfter Sorgfalt erstellt. F\u00fcr die Richtigkeit, Vollst\u00e4ndigkeit und Aktualit\u00e4t der Inhalte k\u00f6nnen wir jedoch keine Gew\u00e4hr \u00fcbernehmen. Als Diensteanbieter sind wir gem\u00e4\u00df dem Digital Services Act (DSA) f\u00fcr eigene Inhalte auf diesen Seiten nach den allgemeinen Gesetzen verantwortlich. Nach dem DSA sind wir als Diensteanbieter jedoch nicht verpflichtet, \u00fcbermittelte oder gespeicherte fremde Informationen zu \u00fcberwachen oder nach Umst\u00e4nden zu forschen, die auf eine rechtswidrige T\u00e4tigkeit hinweisen. Verpflichtungen zur Entfernung oder Sperrung der Nutzung von Informationen nach den allgemeinen Gesetzen und dem DSA bleiben hiervon unber\u00fchrt. Eine diesbez\u00fcgliche Haftung ist jedoch erst ab dem Zeitpunkt der Kenntnis einer konkreten Rechtsverletzung m\u00f6glich. Bei Bekanntwerden von entsprechenden Rechtsverletzungen werden wir diese Inhalte umgehend entfernen.<\/p><p>\u00a0<\/p><p>\u00a0<\/p><p>\u00a0<\/p><h4><span style=\"color: #5b5b5b;\"><strong>Haftung f\u00fcr Links<\/strong><\/span><\/h4><p>Unser Angebot enth\u00e4lt Links zu externen Webseiten Dritter, auf deren Inhalte wir keinen Einfluss haben. Deshalb k\u00f6nnen wir f\u00fcr diese fremden Inhalte auch keine Gew\u00e4hr \u00fcbernehmen. F\u00fcr die Inhalte der verlinkten Seiten ist stets der jeweilige Anbieter oder Betreiber der Seiten verantwortlich. Die verlinkten Seiten wurden zum Zeitpunkt der Verlinkung auf m\u00f6gliche Rechtsverst\u00f6\u00dfe \u00fcberpr\u00fcft. Rechtswidrige Inhalte waren zum Zeitpunkt der Verlinkung nicht erkennbar. Eine permanente inhaltliche Kontrolle der verlinkten Seiten ist ohne konkrete Anhaltspunkte einer Rechtsverletzung nicht zumutbar. Bei Bekanntwerden von Rechtsverletzungen werden wir derartige Links umgehend entfernen.<\/p><p>\u00a0<\/p><p>\u00a0<\/p><p>\u00a0<\/p><h4><span style=\"color: #5b5b5b;\"><strong>Urheberrecht<\/strong><\/span><\/h4><p>Alle Logos, Wort- und Bildmarken sowie die Bilder und Texte dieser Webseiten unterliegen dem Urheberrecht und dem Nutzungsrecht.<\/p><p>Wer Werke und\/oder Werkteile dieser Seiten ohne vorherige Zustimmung des Rechteinhabers nutzt, verst\u00f6\u00dft gegen geltendes Recht und macht sich strafbar im Sinne des Urheberrechts und des Nutzungsrechts.<\/p><p>\u00a0<\/p><p>Die Vervielf\u00e4ltigung, Bearbeitung, Verbreitung und jede Art der Verwertung au\u00dferhalb der Grenzen des Urheberrechts bed\u00fcrfen der schriftlichen Zustimmung des jeweiligen Autors bzw. Erstellers. Downloads und Kopien dieser Seiten sind nur f\u00fcr den privaten, nicht kommerziellen Gebrauch gestattet.<br \/>Verst\u00f6\u00dfe jeglicher Art werden durch einen Anwalt verfolgt.<\/p><p>\u00a0<\/p><p>Soweit die Inhalte auf dieser Seite nicht vom Betreiber erstellt wurden, werden die Urheberrechte Dritter beachtet. Insbesondere werden Inhalte Dritter als solche gekennzeichnet. Sollten Sie trotzdem auf eine Urheberrechtsverletzung aufmerksam werden, bitten wir um einen entsprechenden Hinweis. Bei Bekanntwerden von Rechtsverletzungen werden wir derartige Inhalte umgehend entfernen.<\/p>\t\t\t\t\t\t\t\t<\/div>\n\t\t\t\t<\/div>\n\t\t\t\t<div class=\"elementor-element elementor-element-a0a0994 elementor-widget elementor-widget-spacer\" data-id=\"a0a0994\" data-element_type=\"widget\" data-e-type=\"widget\" data-widget_type=\"spacer.default\">\n\t\t\t\t<div class=\"elementor-widget-container\">\n\t\t\t\t\t\t\t<div class=\"elementor-spacer\">\n\t\t\t<div class=\"elementor-spacer-inner\"><\/div>\n\t\t<\/div>\n\t\t\t\t\t\t<\/div>\n\t\t\t\t<\/div>\n\t\t\t\t<div class=\"elementor-element elementor-element-948670b elementor-widget elementor-widget-text-editor\" data-id=\"948670b\" data-element_type=\"widget\" data-e-type=\"widget\" data-widget_type=\"text-editor.default\">\n\t\t\t\t<div class=\"elementor-widget-container\">\n\t\t\t\t\t\t\t\t\t<h4><span style=\"color: #5b5b5b;\"><strong>Haftungsausschluss therapeutische Inhalte<\/strong><\/span><\/h4><p>Die bereitgestellten Informationen dienen ausschlie\u00dflich Ihrer allgemeinen, unverbindlichen Unterst\u00fctzung und ersetzen in keinem Fall eine pers\u00f6nliche Beratung, Untersuchung oder Diagnose durch einen Arzt oder Therapeuten. Es k\u00f6nnen keine Ferndiagnosen und Therapievorschl\u00e4ge f\u00fcr den Einzelfall gestellt werden. Jede Anwendung erfolgt auf eigene Verantwortung.<\/p><p>\u00a0<\/p><p>Eine Ver\u00e4nderung oder Absetzung von Medikamenten, sonstigen Gesundheitsprodukten oder Heilverfahren sollten Sie stets mit dem zust\u00e4ndigen Arzt oder Therapeuten absprechen. Die Inhalte dieser Seiten sind keine medizinischen Aussagen und sollten nicht als Ersatz f\u00fcr eine \u00e4rztliche Behandlung verwendet werden. Die Diagnose und Therapie von Krankheiten und anderen k\u00f6rperlichen St\u00f6rungen erfordert die Behandlung durch \u00c4rzte oder Heilpraktiker. Das Risiko einer falschen Diagnose oder Behandlung kann nur durch die Einschaltung eines Arztes oder Heilpraktikers reduziert werden.<\/p><p>\u00a0<\/p><p>Die dargelegten Inhalte sind sorgf\u00e4ltig erarbeitet und erf\u00fcllen einen hohen wissenschaftlichen Qualit\u00e4tsanspruch. Wir verwenden gr\u00f6\u00dfte Sorgfalt darauf, Informationen fundiert und in einer auch f\u00fcr Laien verst\u00e4ndlichen Form darzustellen, bitten jedoch um Verst\u00e4ndnis, dass bestimmte Fach- und Fremdw\u00f6rter genannt werden m\u00fcssen, um den fachlichen Inhalt zu gew\u00e4hrleisten. Es kann jedoch keine Gew\u00e4hrleistung f\u00fcr die Vollst\u00e4ndigkeit, Richtigkeit, Genauigkeit und Aktualit\u00e4t s\u00e4mtlicher Inhalte auf den Webseiten \u00fcbernommen werden.<\/p><p>\u00a0<\/p><p>Wie jede Wissenschaft ist auch die Medizin einer st\u00e4ndigen Entwicklung unterworfen. Forschung und klinische Erfahrung erweitern unser Wissen, insbesondere im Hinblick auf die Behandlung und die Arzneimitteltherapie. Soweit auf diesen Seiten eine Anwendung, Dosierung oder ein bestimmtes medizinisches oder ern\u00e4hrungstherapeutisches Verfahren erw\u00e4hnt wird, kann keine Garantie \u00fcbernommen werden. Jeder Anwender ist angehalten, sorgf\u00e4ltig zu pr\u00fcfen und gegebenenfalls einen Fachmann zu konsultieren, ob die angegebenen Empfehlungen und Richtwerte im konkreten Fall zutreffend sind. Jegliche Dosierung, Anwendung oder Therapie erfolgt auf eigenes Risiko des Anwenders.<\/p><p>\u00a0<\/p><p>\u00a0<\/p><p>\u00a0<\/p><p><strong>\u00a0<\/strong><\/p><h4><span style=\"color: #5b5b5b;\"><strong>Warum wir von einer Selbstbehandlung dringend abraten<\/strong><\/span><\/h4><p>Eine der besonderen St\u00e4rken der Medizin liegt in der individuellen Behandlung eines jeden Patienten. Die Medikamente, ihre Dosierung, ihre Kombinierbarkeit mit anderen Medikamenten und die Dauer der Anwendung werden durch spezifische Tests genau bestimmt. Auf diese Weise erhalten Sie die bestm\u00f6gliche Behandlung, und eventuelle Irritationen oder unerw\u00fcnschte Reaktionen k\u00f6nnen korrigiert und angepasst werden. Selbst mit einigen Grundkenntnissen kann ein Patient diese Art von Kontrolle nicht f\u00fcr sich selbst leisten. Der Weg \u00fcber einen geschulten Therapeuten f\u00fchrt Sie schneller und zuverl\u00e4ssiger sowie ohne kostspielige Fehler zu Ihrem Ziel, n\u00e4mlich zu genesen.<\/p>\t\t\t\t\t\t\t\t<\/div>\n\t\t\t\t<\/div>\n\t\t\t\t<div class=\"elementor-element elementor-element-575b770 elementor-widget elementor-widget-spacer\" data-id=\"575b770\" data-element_type=\"widget\" data-e-type=\"widget\" data-widget_type=\"spacer.default\">\n\t\t\t\t<div class=\"elementor-widget-container\">\n\t\t\t\t\t\t\t<div class=\"elementor-spacer\">\n\t\t\t<div class=\"elementor-spacer-inner\"><\/div>\n\t\t<\/div>\n\t\t\t\t\t\t<\/div>\n\t\t\t\t<\/div>\n\t\t\t\t\t<\/div>\n\t\t\t\t<\/div>\n\t\t\t\t<\/div>\n\t\t","protected":false},"excerpt":{"rendered":"<p>Haftungsausschluss Haftung f\u00fcr Inhalte Die Inhalte unserer Seiten wurden mit gr\u00f6\u00dfter Sorgfalt erstellt. F\u00fcr die Richtigkeit, Vollst\u00e4ndigkeit und Aktualit\u00e4t der Inhalte k\u00f6nnen wir jedoch keine Gew\u00e4hr \u00fcbernehmen. Als Diensteanbieter sind wir gem\u00e4\u00df dem Digital Services Act (DSA) f\u00fcr eigene Inhalte auf diesen Seiten nach den&#8230;<\/p>\n","protected":false},"author":2,"featured_media":0,"parent":0,"menu_order":0,"comment_status":"closed","ping_status":"closed","template":"elementor_header_footer","meta":{"footnotes":""},"class_list":["post-22433","page","type-page","status-publish","hentry"],"_links":{"self":[{"href":"https:\/\/www.ariane-zappe.de\/index.php\/wp-json\/wp\/v2\/pages\/22433","targetHints":{"allow":["GET"]}}],"collection":[{"href":"https:\/\/www.ariane-zappe.de\/index.php\/wp-json\/wp\/v2\/pages"}],"about":[{"href":"https:\/\/www.ariane-zappe.de\/index.php\/wp-json\/wp\/v2\/types\/page"}],"author":[{"embeddable":true,"href":"https:\/\/www.ariane-zappe.de\/index.php\/wp-json\/wp\/v2\/users\/2"}],"replies":[{"embeddable":true,"href":"https:\/\/www.ariane-zappe.de\/index.php\/wp-json\/wp\/v2\/comments?post=22433"}],"version-history":[{"count":10,"href":"https:\/\/www.ariane-zappe.de\/index.php\/wp-json\/wp\/v2\/pages\/22433\/revisions"}],"predecessor-version":[{"id":28774,"href":"https:\/\/www.ariane-zappe.de\/index.php\/wp-json\/wp\/v2\/pages\/22433\/revisions\/28774"}],"wp:attachment":[{"href":"https:\/\/www.ariane-zappe.de\/index.php\/wp-json\/wp\/v2\/media?parent=22433"}],"curies":[{"name":"wp","href":"https:\/\/api.w.org\/{rel}","templated":true}]}}